{"id":30,"date":"2018-06-02T07:48:39","date_gmt":"2018-06-02T07:48:39","guid":{"rendered":"http:\/\/eminakopic.com\/?page_id=30"},"modified":"2019-11-16T01:00:53","modified_gmt":"2019-11-16T01:00:53","slug":"savetovanje-i-psihoterapija","status":"publish","type":"page","link":"https:\/\/eminakopic.com\/?page_id=30","title":{"rendered":"Savetovanje i psihoterapija"},"content":{"rendered":"\n<p>Tokom studija sam o psihoterapiji u\u010dila, izme\u0111u ostalih, iz knjige TRE\u0106I RODITELJ, profesora Bergera. Knjiga je bila napisana o tada modernim i novim pravcima u psihoterapiji. Sadr\u017eaj mi je onda bio mnogo zanimljiviji od naslova. <br>Mnogo godina kasnije, sa iskustvom i klijenta i terapeuta, shvatam da je proces savetovanja i psihoterapije upravo to, tre\u0107i roditelj. To je \u0161ansa da  popravimo, unapredimo, nadomestimo, zamenimo, u\u010dvrstimo, zale\u010dimo, doradimo; Da nau\u010dimo da budemo sebi ono \u0161to drugi nisu mogli da budu za nas; Da se razvijamo, rastemo i menjamo, budemo najbolja verzija sebe, bez obzira na godine koje imamo;  Da adekvatno brinemo o sebi i budemo zadovoljni sobom.<\/p>\n\n\n\n<p>Brojna istra\u017eivanja efikasnosti terapije pokazala su da je upravo odnos  klijenta i terapeuta ono \u0161to le\u010di, ma kojoj  psihoterapijskoj \u0161koli terapeut pripadao.  Ovaj odnos nastaje i oblikuje se u sadejstvu klijenta i terapeuta i klijentu pru\u017ea podr\u0161ku da defini\u0161e i ostvari svoje ciljeve u bilo kom \u017eivotnom domenu. <br>Odnos klijenta i terapeuta je neguju\u0107i, ohrabruju\u0107i, intiman i intenzivan i iz njega klijent mo\u017ee dobiti mnogo i jo\u0161 vi\u0161e, ako je spreman da bude iskren i ulo\u017ei svoje vreme, energiju i posve\u0107enost. <br><br>Roditelje nismo mogli da biramo, ali tre\u0107eg roditelja biramo i kreiramo, ba\u0161 kao \u0161to mo\u017eemo da biramo i kreiramo svoj \u017eivot.<br><br><\/p>\n\n\n\n<p><br><\/p>\n","protected":false},"excerpt":{"rendered":"<p>Tokom studija sam o psihoterapiji u\u010dila, izme\u0111u ostalih, iz knjige TRE\u0106I RODITELJ, profesora Bergera. Knjiga je bila napisana o tada modernim i novim pravcima u psihoterapiji. Sadr\u017eaj mi je onda bio mnogo zanimljiviji od naslova. Mnogo godina kasnije, sa iskustvom i klijenta i terapeuta, shvatam da je proces savetovanja i psihoterapije upravo to, tre\u0107i roditelj. &hellip; <\/p>\n<p class=\"link-more\"><a href=\"https:\/\/eminakopic.com\/?page_id=30\" class=\"more-link\">Continue reading<span class=\"screen-reader-text\"> &#8220;Savetovanje i psihoterapija&#8221;<\/span><\/a><\/p>\n","protected":false},"author":1,"featured_media":0,"parent":0,"menu_order":0,"comment_status":"closed","ping_status":"closed","template":"","meta":{"footnotes":""},"class_list":["post-30","page","type-page","status-publish","hentry"],"_links":{"self":[{"href":"https:\/\/eminakopic.com\/index.php?rest_route=\/wp\/v2\/pages\/30","targetHints":{"allow":["GET"]}}],"collection":[{"href":"https:\/\/eminakopic.com\/index.php?rest_route=\/wp\/v2\/pages"}],"about":[{"href":"https:\/\/eminakopic.com\/index.php?rest_route=\/wp\/v2\/types\/page"}],"author":[{"embeddable":true,"href":"https:\/\/eminakopic.com\/index.php?rest_route=\/wp\/v2\/users\/1"}],"replies":[{"embeddable":true,"href":"https:\/\/eminakopic.com\/index.php?rest_route=%2Fwp%2Fv2%2Fcomments&post=30"}],"version-history":[{"count":4,"href":"https:\/\/eminakopic.com\/index.php?rest_route=\/wp\/v2\/pages\/30\/revisions"}],"predecessor-version":[{"id":176,"href":"https:\/\/eminakopic.com\/index.php?rest_route=\/wp\/v2\/pages\/30\/revisions\/176"}],"wp:attachment":[{"href":"https:\/\/eminakopic.com\/index.php?rest_route=%2Fwp%2Fv2%2Fmedia&parent=30"}],"curies":[{"name":"wp","href":"https:\/\/api.w.org\/{rel}","templated":true}]}}